{"id":34119,"date":"2025-04-25T11:21:47","date_gmt":"2025-04-25T11:21:47","guid":{"rendered":"http:\/\/www.helmetshop.ee\/?post_type=product&#038;p=34119"},"modified":"2025-09-22T11:46:12","modified_gmt":"2025-09-22T11:46:12","slug":"ls2-travel-man-pant-black-dark-grey-comfort","status":"publish","type":"product","link":"https:\/\/www.helmetshop.ee\/en\/pood\/clothes\/pants\/ls2-travel-man-pant-black-dark-grey-comfort\/","title":{"rendered":"LS2 TRAVEL MAN PANT BLACK DARK GREY COMFORT"},"content":{"rendered":"<p class=\"\" data-start=\"58\" data-end=\"271\"><strong data-start=\"58\" data-end=\"68\">LS2 Travel<\/strong> p\u00fcksid pakuvad \u00fcletamatut mugavust ja kaitset t\u00e4nu veekindlale ja hingavale membraanile. Eemaldatava termovoodri ja veniva kangaga jalgevahe paneeliga seab see mudel uue standardi iga ilmaga s\u00f5itmiseks.<\/p>\n<p class=\"\" data-start=\"273\" data-end=\"364\"><strong data-start=\"273\" data-end=\"297\">MATERJALID JA KANGAD<\/strong><br data-start=\"297\" data-end=\"300\" \/>\u2022 Pealiskangas: 600d Oxford kangas, Ripstop kangas, veniv kangas<\/p>\n<p class=\"\" data-start=\"366\" data-end=\"401\">\u2022 Soojustus: eemaldatav termovooder<\/p>\n<p class=\"\" data-start=\"403\" data-end=\"471\">\u2022 Veekindlus: fikseeritud veekindel ja hingav membraan (8000 mm H2O)<\/p>\n<p class=\"\" data-start=\"473\" data-end=\"497\">\u2022 Hingavus: 5000g\/m\u00b2\/24h<\/p>\n<p class=\"\" data-start=\"499\" data-end=\"547\"><strong data-start=\"499\" data-end=\"519\">SERTIFITSEERITUD<\/strong><br data-start=\"519\" data-end=\"522\" \/>Klass AA (EN17092-3:2020)<\/p>\n<p class=\"\" data-start=\"549\" data-end=\"683\"><strong data-start=\"549\" data-end=\"566\">KAITSES\u00dcSTEEM<\/strong><br data-start=\"566\" data-end=\"569\" \/>\u2022 Eemaldatavad CE p\u00f5lvekaitsmed EN1621-1:2012 1. tasemel, reguleeritava s\u00fcsteemiga \u2013 kolm v\u00f5imalikku kaitseasendit<\/p>\n<p class=\"\" data-start=\"685\" data-end=\"724\">\u2022 Komplektis CE 1. taseme puusakaitsmed<\/p>\n<p class=\"\" data-start=\"726\" data-end=\"845\"><strong data-start=\"726\" data-end=\"738\">OMADUSED<\/strong><br data-start=\"738\" data-end=\"741\" \/>\u2022 Elastne veniv kangas jalgevahel, p\u00f5lvedel ja seljaosal maksimaalse paindlikkuse ja mugavuse tagamiseks<\/p>\n<p class=\"\" data-start=\"847\" data-end=\"873\">\u2022 2 topeltnepuga kinnitust<\/p>\n<p class=\"\" data-start=\"875\" data-end=\"910\">\u2022 Kaks suurt veekindlat k\u00fcljetaskut<\/p>\n<p class=\"\" data-start=\"912\" data-end=\"937\">\u2022 Ventilatsiooni t\u00f5mblukk<\/p>\n<p class=\"\" data-start=\"939\" data-end=\"998\">\u2022 Trukid ventilatsiooni t\u00f5mblukkude fikseerimiseks jalgadel<\/p>\n<p class=\"\" data-start=\"1000\" data-end=\"1030\">\u2022 Libisemisvastane istmepaneel<\/p>\n<p class=\"\" data-start=\"1032\" data-end=\"1056\">\u2022 Kahesuunaline t\u00f5mblukk<\/p>\n<p class=\"\" data-start=\"1058\" data-end=\"1073\">\u2022 V\u00e4ljalaskeava<\/p>\n<p class=\"\" data-start=\"1075\" data-end=\"1122\">\u2022 Helkurribad parema n\u00e4htavuse tagamiseks \u00f6\u00f6sel<\/p>\n<p class=\"\" data-start=\"1124\" data-end=\"1164\">\u2022 Reguleerimisrihmad mugavaks sobivuseks<\/p>\n<p class=\"\" data-start=\"1166\" data-end=\"1199\">\u2022 YKK t\u00f5mblukk jope kinnitamiseks<\/p>\n","protected":false},"excerpt":{"rendered":"<p>LS2 Travel p\u00fcksid pakuvad \u00fcletamatut mugavust ja kaitset t\u00e4nu veekindlale ja hingavale membraanile. Eemaldatava termovoodri ja veniva kangaga jalgevahe paneeliga seab see mudel uue standardi iga ilmaga s\u00f5itmiseks. MATERJALID JA KANGAD\u2022 Pealiskangas: 600d Oxford kangas, Ripstop kangas, veniv kangas \u2022 Soojustus: eemaldatav termovooder \u2022 Veekindlus: fikseeritud veekindel ja hingav membraan (8000 mm H2O) \u2022 Hingavus: [&hellip;]<\/p>\n","protected":false},"featured_media":30051,"template":"","meta":[],"product_brand":[],"product_cat":[535,521],"product_tag":[254],"class_list":{"0":"post-34119","1":"product","2":"type-product","3":"status-publish","4":"has-post-thumbnail","6":"product_cat-pants","7":"product_cat-clothes","8":"product_tag-ls2-en","10":"first","11":"instock","12":"sale","13":"taxable","14":"shipping-taxable","15":"purchasable","16":"product-type-variable","17":"has-default-attributes"},"exclude_global_add_ons":[],"addons":[],"_links":{"self":[{"href":"https:\/\/www.helmetshop.ee\/en\/wp-json\/wp\/v2\/product\/34119","targetHints":{"allow":["GET"]}}],"collection":[{"href":"https:\/\/www.helmetshop.ee\/en\/wp-json\/wp\/v2\/product"}],"about":[{"href":"https:\/\/www.helmetshop.ee\/en\/wp-json\/wp\/v2\/types\/product"}],"version-history":[{"count":0,"href":"https:\/\/www.helmetshop.ee\/en\/wp-json\/wp\/v2\/product\/34119\/revisions"}],"wp:featuredmedia":[{"embeddable":true,"href":"https:\/\/www.helmetshop.ee\/en\/wp-json\/wp\/v2\/media\/30051"}],"wp:attachment":[{"href":"https:\/\/www.helmetshop.ee\/en\/wp-json\/wp\/v2\/media?parent=34119"}],"wp:term":[{"taxonomy":"product_brand","embeddable":true,"href":"https:\/\/www.helmetshop.ee\/en\/wp-json\/wp\/v2\/product_brand?post=34119"},{"taxonomy":"product_cat","embeddable":true,"href":"https:\/\/www.helmetshop.ee\/en\/wp-json\/wp\/v2\/product_cat?post=34119"},{"taxonomy":"product_tag","embeddable":true,"href":"https:\/\/www.helmetshop.ee\/en\/wp-json\/wp\/v2\/product_tag?post=34119"}],"curies":[{"name":"wp","href":"https:\/\/api.w.org\/{rel}","templated":true}]}}