{"id":35513,"date":"2025-06-25T10:47:30","date_gmt":"2025-06-25T10:47:30","guid":{"rendered":"http:\/\/www.helmetshop.ee\/?post_type=product&#038;p=35513"},"modified":"2025-06-25T10:55:20","modified_gmt":"2025-06-25T10:55:20","slug":"ls2-fortress-polvekaitsmed","status":"publish","type":"product","link":"https:\/\/www.helmetshop.ee\/en\/pood\/kaitsmed\/polvekaitsmed\/ls2-fortress-polvekaitsmed\/","title":{"rendered":"LS2 FORTRESS P\u00d5LVEKAITSMED"},"content":{"rendered":"<h1>LS2 FORTRESS P\u00d5LVEKAITSMED<\/h1>\n<p data-start=\"44\" data-end=\"243\">\u00c4\u00e4rmiselt mugav ja vastupidav p\u00f5lvekaitse. Maksimaalne \u00f5huvoolu ventilatsioon ja t\u00e4ielikult reguleeritav igas suuruses jalale. Saab kanda nii p\u00fckste sees kui ka peal.<\/p>\n<p data-start=\"245\" data-end=\"371\"><strong data-start=\"245\" data-end=\"266\">TEHNILISED ANDMED<br \/>\n<\/strong><br data-start=\"266\" data-end=\"269\" \/><strong data-start=\"269\" data-end=\"293\">MATERJALID JA KANGAD<\/strong><br data-start=\"293\" data-end=\"296\" \/>\u2022 V\u00e4limine kest: 100% pol\u00fcprop\u00fcleen (PP)<br data-start=\"336\" data-end=\"339\" \/>\u2022 Sisu: 3-\u00fches lamineeritud vaht<\/p>\n<p data-start=\"373\" data-end=\"455\"><strong data-start=\"373\" data-end=\"390\">KAITSES\u00dcSTEEM<\/strong><br data-start=\"390\" data-end=\"393\" \/>\u2022 Sertifitseeritud vastavalt EN1621-1:2012 TASE 1 &#8220;K+L T\u00fc\u00fcp A&#8221;<\/p>\n<p data-start=\"457\" data-end=\"967\"><strong data-start=\"457\" data-end=\"469\">OMADUSED<\/strong><br data-start=\"469\" data-end=\"472\" \/>\u2022 Tugevast PP-materjalist kest parema l\u00f6\u00f6gi- ja kulumiskindluse tagamiseks<br data-start=\"546\" data-end=\"549\" \/>\u2022 Suure katvusega p\u00f5lvekaitse maksimaalseks kaitseks<br data-start=\"601\" data-end=\"604\" \/>\u2022 \u00dclemised ja alumised \u00f5hukanalid pidevaks ventilatsiooniks<br data-start=\"663\" data-end=\"666\" \/>\u2022 3-\u00fches lamineeritud vaht parima l\u00f6\u00f6gisummutuse tagamiseks<br data-start=\"725\" data-end=\"728\" \/>\u2022 Lihtsasti eemaldatav ja pestav sisu<br data-start=\"765\" data-end=\"768\" \/>\u2022 130-kraadine p\u00f6\u00f6ramisliikumine maksimaalse kohandatavuse jaoks<br data-start=\"832\" data-end=\"835\" \/>\u2022 K\u00fctusepaagis\u00f5bralik \u2013 ei j\u00e4ta kriime mootorrattale<br data-start=\"887\" data-end=\"890\" \/>\u2022 Kiirkinnitusega pandlaga kvaliteetne rihm lihtsaks ja kiireks eemaldamiseks<\/p>\n","protected":false},"excerpt":{"rendered":"<p>M suurus 161-170cm<br \/>\nL suurus 169-183cm<br \/>\nXL180-201cm<\/p>\n","protected":false},"featured_media":35528,"template":"","meta":[],"product_brand":[],"product_cat":[95,211],"product_tag":[254],"class_list":{"0":"post-35513","1":"product","2":"type-product","3":"status-publish","4":"has-post-thumbnail","6":"product_cat-kaitsmed","7":"product_cat-polvekaitsmed","8":"product_tag-ls2-en","10":"first","11":"instock","12":"taxable","13":"shipping-taxable","14":"purchasable","15":"product-type-variable"},"exclude_global_add_ons":[],"addons":[],"_links":{"self":[{"href":"https:\/\/www.helmetshop.ee\/en\/wp-json\/wp\/v2\/product\/35513","targetHints":{"allow":["GET"]}}],"collection":[{"href":"https:\/\/www.helmetshop.ee\/en\/wp-json\/wp\/v2\/product"}],"about":[{"href":"https:\/\/www.helmetshop.ee\/en\/wp-json\/wp\/v2\/types\/product"}],"version-history":[{"count":0,"href":"https:\/\/www.helmetshop.ee\/en\/wp-json\/wp\/v2\/product\/35513\/revisions"}],"wp:featuredmedia":[{"embeddable":true,"href":"https:\/\/www.helmetshop.ee\/en\/wp-json\/wp\/v2\/media\/35528"}],"wp:attachment":[{"href":"https:\/\/www.helmetshop.ee\/en\/wp-json\/wp\/v2\/media?parent=35513"}],"wp:term":[{"taxonomy":"product_brand","embeddable":true,"href":"https:\/\/www.helmetshop.ee\/en\/wp-json\/wp\/v2\/product_brand?post=35513"},{"taxonomy":"product_cat","embeddable":true,"href":"https:\/\/www.helmetshop.ee\/en\/wp-json\/wp\/v2\/product_cat?post=35513"},{"taxonomy":"product_tag","embeddable":true,"href":"https:\/\/www.helmetshop.ee\/en\/wp-json\/wp\/v2\/product_tag?post=35513"}],"curies":[{"name":"wp","href":"https:\/\/api.w.org\/{rel}","templated":true}]}}