{"id":36064,"date":"2025-08-13T12:19:29","date_gmt":"2025-08-13T12:19:29","guid":{"rendered":"http:\/\/www.helmetshop.ee\/?post_type=product&#038;p=36064"},"modified":"2025-08-13T12:27:04","modified_gmt":"2025-08-13T12:27:04","slug":"alpinestars-krossirpillid-yth-vision-corp-blk-mirror-sil","status":"publish","type":"product","link":"https:\/\/www.helmetshop.ee\/en\/pood\/kiivrite-lisavarustus\/krossiprillid\/alpinestars-krossirpillid-yth-vision-corp-blk-mirror-sil\/","title":{"rendered":"ALPINESTARS KROSSIRPILLID YTH VISION CORP BLK MIRROR-SIL"},"content":{"rendered":"<h2>ALPINESTARS KROSSIRPILLID YTH VISION CORP BLK MIRROR-SIL<\/h2>\n<p data-start=\"50\" data-end=\"600\">100 PPI poorne ventileeriv vaht parandab \u00f5huvahetust maksimaalse \u00f5huvoolu saavutamiseks<br data-start=\"137\" data-end=\"140\" \/>Pol\u00fckarbonaadist, uduvastane k\u00f5vakihiga l\u00e4\u00e4ts tagab 100% UVA-kaitse<br data-start=\"207\" data-end=\"210\" \/>15 mm paksune EO15 n\u00e4ovaht pehme fliisiga suurep\u00e4rase mugavuse ja sobivuse tagamiseks<br data-start=\"295\" data-end=\"298\" \/>40 mm laiune kootud rihm silikoonist haardega hoiab rihma kindlalt kiivril \u00f5iges asendis<br data-start=\"386\" data-end=\"389\" data-is-only-node=\"\" \/>Raami sisse on vormitud \u00f5hukanalid, mis suunavad \u00f5hu ventilatsiooniavadesse, et suurendada \u00f5huvoolu ja v\u00e4hendada kondensatsiooni teket<br data-start=\"523\" data-end=\"526\" \/>Kerge Polyflex-raam kohandub n\u00e4okuju j\u00e4rgi parima sobivuse saavutamiseks<\/p>\n<p data-start=\"602\" data-end=\"734\"><strong data-start=\"602\" data-end=\"622\">Materjalikoostis<\/strong><br data-start=\"622\" data-end=\"625\" \/>49% termoplastiline pol\u00fcuretaan, 18% pol\u00fcamiid, 14% pol\u00fckarbonaat, 8% silikoon, 7% pol\u00fcester ja 4% elastaan<\/p>\n<p>&nbsp;<\/p>\n","protected":false},"excerpt":{"rendered":"<p>ALPINESTARS KROSSIRPILLID YTH VISION CORP BLK MIRROR-SIL 100 PPI poorne ventileeriv vaht parandab \u00f5huvahetust maksimaalse \u00f5huvoolu saavutamiseksPol\u00fckarbonaadist, uduvastane k\u00f5vakihiga l\u00e4\u00e4ts tagab 100% UVA-kaitse15 mm paksune EO15 n\u00e4ovaht pehme fliisiga suurep\u00e4rase mugavuse ja sobivuse tagamiseks40 mm laiune kootud rihm silikoonist haardega hoiab rihma kindlalt kiivril \u00f5iges asendisRaami sisse on vormitud \u00f5hukanalid, mis suunavad \u00f5hu ventilatsiooniavadesse, et [&hellip;]<\/p>\n","protected":false},"featured_media":36080,"template":"","meta":[],"product_brand":[],"product_cat":[206,92],"product_tag":[157],"class_list":{"0":"post-36064","1":"product","2":"type-product","3":"status-publish","4":"has-post-thumbnail","6":"product_cat-kiivrite-lisavarustus","7":"product_cat-krossiprillid","8":"product_tag-alpinestars","10":"first","11":"instock","12":"taxable","13":"shipping-taxable","14":"purchasable","15":"product-type-simple"},"exclude_global_add_ons":[],"addons":[],"_links":{"self":[{"href":"https:\/\/www.helmetshop.ee\/en\/wp-json\/wp\/v2\/product\/36064","targetHints":{"allow":["GET"]}}],"collection":[{"href":"https:\/\/www.helmetshop.ee\/en\/wp-json\/wp\/v2\/product"}],"about":[{"href":"https:\/\/www.helmetshop.ee\/en\/wp-json\/wp\/v2\/types\/product"}],"version-history":[{"count":1,"href":"https:\/\/www.helmetshop.ee\/en\/wp-json\/wp\/v2\/product\/36064\/revisions"}],"predecessor-version":[{"id":36079,"href":"https:\/\/www.helmetshop.ee\/en\/wp-json\/wp\/v2\/product\/36064\/revisions\/36079"}],"wp:featuredmedia":[{"embeddable":true,"href":"https:\/\/www.helmetshop.ee\/en\/wp-json\/wp\/v2\/media\/36080"}],"wp:attachment":[{"href":"https:\/\/www.helmetshop.ee\/en\/wp-json\/wp\/v2\/media?parent=36064"}],"wp:term":[{"taxonomy":"product_brand","embeddable":true,"href":"https:\/\/www.helmetshop.ee\/en\/wp-json\/wp\/v2\/product_brand?post=36064"},{"taxonomy":"product_cat","embeddable":true,"href":"https:\/\/www.helmetshop.ee\/en\/wp-json\/wp\/v2\/product_cat?post=36064"},{"taxonomy":"product_tag","embeddable":true,"href":"https:\/\/www.helmetshop.ee\/en\/wp-json\/wp\/v2\/product_tag?post=36064"}],"curies":[{"name":"wp","href":"https:\/\/api.w.org\/{rel}","templated":true}]}}