{"id":36173,"date":"2025-08-27T09:47:46","date_gmt":"2025-08-27T09:47:46","guid":{"rendered":"http:\/\/www.helmetshop.ee\/?post_type=product&#038;p=36173"},"modified":"2025-08-27T09:51:50","modified_gmt":"2025-08-27T09:51:50","slug":"alpinestars-noorte-krossikindad-full-bore-v2-blk-wht","status":"publish","type":"product","link":"https:\/\/www.helmetshop.ee\/en\/pood\/riided\/kindad\/alpinestars-noorte-krossikindad-full-bore-v2-blk-wht\/","title":{"rendered":"ALPINESTARS NOORTE KROSSIKINDAD FULL BORE V2 BLK\/WHT"},"content":{"rendered":"<ul class=\"product-features\">\n<li data-start=\"59\" data-end=\"172\">\n<p data-start=\"61\" data-end=\"172\">Valmistatud arenenud, tugevdatud, hingavast ja venivast kangast ning uue ergonoomilise TPR-s\u00f5rmenukikaitsmega<\/p>\n<\/li>\n<li data-start=\"173\" data-end=\"259\">\n<p data-start=\"175\" data-end=\"259\">Pakuvad erakordset istuvust ja k\u00f5rget mugavust intensiivseteks motokrossis\u00f5itudeks<\/p>\n<\/li>\n<li data-start=\"260\" data-end=\"355\">\n<p data-start=\"262\" data-end=\"355\">Tagavad tasakaalu j\u00f5udluse, kaitse ja \u00f5huvoolu vahel, sobivad noortele motokrossis\u00f5itjatele<\/p>\n<\/li>\n<li data-start=\"356\" data-end=\"438\">\n<p data-start=\"358\" data-end=\"438\">Uus TPR-s\u00f5rmenukikaitse disain tagab kaitse ja paindlikkuse n\u00f5udlikel s\u00f5itudel<\/p>\n<\/li>\n<li data-start=\"439\" data-end=\"568\">\n<p data-start=\"441\" data-end=\"568\">Tugevdatud s\u00fcnteetiline seemisnahast peopesa suurendab vastupidavust ja v\u00f5imaldab kasutada mobiilseadmeid kindaid eemaldamata<\/p>\n<\/li>\n<li data-start=\"569\" data-end=\"665\">\n<p data-start=\"571\" data-end=\"665\">Hingav paindkangast pealne ja ventileeritud venivad s\u00f5rmet\u00fckid pakuvad mugavust ja liikuvust<\/p>\n<\/li>\n<li data-start=\"666\" data-end=\"783\">\n<p data-start=\"668\" data-end=\"783\">K\u00e4eselg tugevdatud TPR-s\u00f5rmenukikaitsmega, mis liigub k\u00e4ega kaasa, s\u00e4ilitades mugavuse intensiivsetel liigutustel<\/p>\n<\/li>\n<li data-start=\"784\" data-end=\"861\">\n<p data-start=\"786\" data-end=\"861\">Pealne valmistatud hingavast venivast kangast optimeeritud istuvuse jaoks<\/p>\n<\/li>\n<li data-start=\"862\" data-end=\"935\">\n<p data-start=\"864\" data-end=\"935\">Ventileeritud venivad s\u00f5rmet\u00fckid suurendavad paindlikkust ja mugavust<\/p>\n<\/li>\n<li data-start=\"936\" data-end=\"1015\">\n<p data-start=\"938\" data-end=\"1015\">Neopreenmansett koos randmerihmaga pakub turvalist ja personaalset istuvust<\/p>\n<\/li>\n<li data-start=\"1016\" data-end=\"1121\">\n<p data-start=\"1018\" data-end=\"1121\">Tugevdatud s\u00fcnteetiline seemisnahast peopesa tagab vastupidavuse ja kindla haarde lenksu ja hoobadega<\/p>\n<\/li>\n<li data-start=\"1122\" data-end=\"1205\">\n<p data-start=\"1124\" data-end=\"1205\">Perforeeritud p\u00f6idlapaneelid lisavad vastupidavust, kulumiskindlust ja \u00f5huvoolu<\/p>\n<\/li>\n<li data-start=\"1206\" data-end=\"1295\">\n<p data-start=\"1208\" data-end=\"1295\">Silikoontr\u00fckiga esimene ja teine s\u00f5rm annavad parema haarde mootorratta juhtseadmetel<\/p>\n<\/li>\n<li data-start=\"1296\" data-end=\"1375\">\n<p data-start=\"1298\" data-end=\"1375\">Silikoonhaardega t\u00f5mbelipp lihtsustab kinnaste k\u00e4tte panemist ja \u00e4rav\u00f5tmist<\/p>\n<\/li>\n<\/ul>\n<p>&nbsp;<\/p>\n","protected":false},"excerpt":{"rendered":"<p>Valmistatud arenenud, tugevdatud, hingavast ja venivast kangast ning uue ergonoomilise TPR-s\u00f5rmenukikaitsmega Pakuvad erakordset istuvust ja k\u00f5rget mugavust intensiivseteks motokrossis\u00f5itudeks Tagavad tasakaalu j\u00f5udluse, kaitse ja \u00f5huvoolu vahel, sobivad noortele motokrossis\u00f5itjatele Uus TPR-s\u00f5rmenukikaitse disain tagab kaitse ja paindlikkuse n\u00f5udlikel s\u00f5itudel Tugevdatud s\u00fcnteetiline seemisnahast peopesa suurendab vastupidavust ja v\u00f5imaldab kasutada mobiilseadmeid kindaid eemaldamata Hingav paindkangast pealne ja ventileeritud [&hellip;]<\/p>\n","protected":false},"featured_media":36183,"template":"","meta":[],"product_brand":[],"product_cat":[100,94],"product_tag":[157],"class_list":{"0":"post-36173","1":"product","2":"type-product","3":"status-publish","4":"has-post-thumbnail","6":"product_cat-riided","7":"product_cat-kindad","8":"product_tag-alpinestars","10":"first","11":"instock","12":"taxable","13":"shipping-taxable","14":"purchasable","15":"product-type-variable"},"exclude_global_add_ons":[],"addons":[],"_links":{"self":[{"href":"https:\/\/www.helmetshop.ee\/en\/wp-json\/wp\/v2\/product\/36173","targetHints":{"allow":["GET"]}}],"collection":[{"href":"https:\/\/www.helmetshop.ee\/en\/wp-json\/wp\/v2\/product"}],"about":[{"href":"https:\/\/www.helmetshop.ee\/en\/wp-json\/wp\/v2\/types\/product"}],"version-history":[{"count":1,"href":"https:\/\/www.helmetshop.ee\/en\/wp-json\/wp\/v2\/product\/36173\/revisions"}],"predecessor-version":[{"id":36189,"href":"https:\/\/www.helmetshop.ee\/en\/wp-json\/wp\/v2\/product\/36173\/revisions\/36189"}],"wp:featuredmedia":[{"embeddable":true,"href":"https:\/\/www.helmetshop.ee\/en\/wp-json\/wp\/v2\/media\/36183"}],"wp:attachment":[{"href":"https:\/\/www.helmetshop.ee\/en\/wp-json\/wp\/v2\/media?parent=36173"}],"wp:term":[{"taxonomy":"product_brand","embeddable":true,"href":"https:\/\/www.helmetshop.ee\/en\/wp-json\/wp\/v2\/product_brand?post=36173"},{"taxonomy":"product_cat","embeddable":true,"href":"https:\/\/www.helmetshop.ee\/en\/wp-json\/wp\/v2\/product_cat?post=36173"},{"taxonomy":"product_tag","embeddable":true,"href":"https:\/\/www.helmetshop.ee\/en\/wp-json\/wp\/v2\/product_tag?post=36173"}],"curies":[{"name":"wp","href":"https:\/\/api.w.org\/{rel}","templated":true}]}}