{"id":36966,"date":"2025-11-24T14:14:19","date_gmt":"2025-11-24T14:14:19","guid":{"rendered":"http:\/\/www.helmetshop.ee\/?post_type=product&#038;p=36966"},"modified":"2026-04-15T17:08:28","modified_gmt":"2026-04-15T15:08:28","slug":"cardo-spirit-hd-single-sidesusteem","status":"publish","type":"product","link":"https:\/\/www.helmetshop.ee\/en\/pood\/accessories-for-helmets\/side-system\/cardo-spirit-hd-single-sidesusteem\/","title":{"rendered":"Cardo Spirit HD SINGLE sides\u00fcsteem"},"content":{"rendered":"<h2 data-start=\"71\" data-end=\"142\"><strong data-start=\"74\" data-end=\"142\">Cardo Spirit HD Side\u00fcsteemsuhtluss\u00fcsteem \u2013 \u00fcks seade<\/strong><\/h2>\n<p data-start=\"144\" data-end=\"642\">K\u00f5rgekvaliteediline seade, mis pakub standardseid Bluetooth-sidefunktsioone taskukohase hinnaga. Spirit HD sisaldab k\u00f5ike, mida Bluetooth-side\u00adseadmelt soovida, hinnaga, mis sobib igale eelarvele. Viimane Bluetooth-tehnoloogia tagab suurep\u00e4rase detailit\u00e4psuse, ehituskvaliteedi ja vastupidavuse, mida t\u00e4iendab t\u00e4isfunktsionaalsus mugavaks s\u00f5idukogemuseks. V\u00f5imsad 40 mm HD k\u00f5larid, FM-raadio, 600 m ulatus ja 13 tundi k\u00f5neaega teevad Spirit HD-st parima side\u00adseadme hinnateadlikule mootorratturile.<\/p>\n<hr data-start=\"644\" data-end=\"647\" \/>\n<h3 data-start=\"649\" data-end=\"666\"><strong data-start=\"653\" data-end=\"666\">Omadused:<\/strong><\/h3>\n<ul data-start=\"668\" data-end=\"1275\">\n<li data-start=\"668\" data-end=\"686\">\n<p data-start=\"670\" data-end=\"686\">Kuni 2 s\u00f5itjat<\/p>\n<\/li>\n<li data-start=\"687\" data-end=\"709\">\n<p data-start=\"689\" data-end=\"709\">Ulatus: kuni 600 m<\/p>\n<\/li>\n<li data-start=\"710\" data-end=\"740\">\n<p data-start=\"712\" data-end=\"740\">Laiaribaline k\u00f5nekvaliteet<\/p>\n<\/li>\n<li data-start=\"741\" data-end=\"778\">\n<p data-start=\"743\" data-end=\"778\">40 mm HD k\u00f5larid ja heliprofiilid<\/p>\n<\/li>\n<li data-start=\"779\" data-end=\"792\">\n<p data-start=\"781\" data-end=\"792\">FM-raadio<\/p>\n<\/li>\n<li data-start=\"793\" data-end=\"819\">\n<p data-start=\"795\" data-end=\"819\">Universaalne \u00fchenduvus<\/p>\n<\/li>\n<li data-start=\"820\" data-end=\"861\">\n<p data-start=\"822\" data-end=\"861\">Automaatne helitugevuse reguleerimine<\/p>\n<\/li>\n<li data-start=\"862\" data-end=\"898\">\n<p data-start=\"864\" data-end=\"898\">13 tundi k\u00f5neaega, kiirlaadimine<\/p>\n<\/li>\n<li data-start=\"899\" data-end=\"921\">\n<p data-start=\"901\" data-end=\"921\">Bluetooth 5.2 kiip<\/p>\n<\/li>\n<li data-start=\"922\" data-end=\"957\">\n<p data-start=\"924\" data-end=\"957\">Veekindel, kaheaastane garantii<\/p>\n<\/li>\n<li data-start=\"958\" data-end=\"993\">\n<p data-start=\"960\" data-end=\"993\">Tarkvarauuendused \u00fcle \u00f5hu (OTA)<\/p>\n<\/li>\n<li data-start=\"994\" data-end=\"1033\">\n<p data-start=\"996\" data-end=\"1033\">2-seadme \u00fchendamine (telefon \/ GPS)<\/p>\n<\/li>\n<li data-start=\"1034\" data-end=\"1057\">\n<p data-start=\"1036\" data-end=\"1057\">Muusika voogedastus<\/p>\n<\/li>\n<li data-start=\"1058\" data-end=\"1072\">\n<p data-start=\"1060\" data-end=\"1072\">USB Type-C<\/p>\n<\/li>\n<li data-start=\"1073\" data-end=\"1110\">\n<p data-start=\"1075\" data-end=\"1110\">T\u00f6\u00f6temperatuur: \u201320 \u00b0C kuni 55 \u00b0C<\/p>\n<\/li>\n<li data-start=\"1111\" data-end=\"1154\">\n<p data-start=\"1113\" data-end=\"1154\">Tarkvara uuendamine: OTA v\u00f5i USB-kaabel<\/p>\n<\/li>\n<li data-start=\"1155\" data-end=\"1195\">\n<p data-start=\"1157\" data-end=\"1195\">Seadistamine: Cardo Connect rakendus<\/p>\n<\/li>\n<li data-start=\"1196\" data-end=\"1231\">\n<p data-start=\"1198\" data-end=\"1231\">Universaalne Bluetooth intercom<\/p>\n<\/li>\n<li data-start=\"1232\" data-end=\"1275\">\n<p data-start=\"1234\" data-end=\"1275\">Kasutajaliides: mitmekeelsed h\u00e4\u00e4lteated<\/p>\n<\/li>\n<\/ul>\n<hr data-start=\"1277\" data-end=\"1280\" \/>\n<h3 data-start=\"1282\" data-end=\"1308\"><strong data-start=\"1286\" data-end=\"1308\">Tehnilised andmed:<\/strong><\/h3>\n<p data-start=\"1310\" data-end=\"1326\"><strong data-start=\"1310\" data-end=\"1324\">\u00dchilduvus:<\/strong><\/p>\n<ul data-start=\"1327\" data-end=\"1341\">\n<li data-start=\"1327\" data-end=\"1341\">\n<p data-start=\"1329\" data-end=\"1341\">Universaalne<\/p>\n<\/li>\n<\/ul>\n<p data-start=\"1343\" data-end=\"1359\"><strong data-start=\"1343\" data-end=\"1357\">FM-raadio:<\/strong><\/p>\n<ul data-start=\"1360\" data-end=\"1446\">\n<li data-start=\"1360\" data-end=\"1388\">\n<p data-start=\"1362\" data-end=\"1388\">T\u00f6\u00f6sagedused: 76\u2013108 MHz<\/p>\n<\/li>\n<li data-start=\"1389\" data-end=\"1417\">\n<p data-start=\"1391\" data-end=\"1417\">RDS \u2013 raadioandmes\u00fcsteem<\/p>\n<\/li>\n<li data-start=\"1418\" data-end=\"1446\">\n<p data-start=\"1420\" data-end=\"1446\">6 eelseadistatavat jaama<\/p>\n<\/li>\n<\/ul>\n<p data-start=\"1448\" data-end=\"1474\"><strong data-start=\"1448\" data-end=\"1472\">M\u00f5\u00f5tmed \u2013 p\u00f5hiseade:<\/strong><\/p>\n<ul data-start=\"1475\" data-end=\"1542\">\n<li data-start=\"1475\" data-end=\"1492\">\n<p data-start=\"1477\" data-end=\"1492\">K\u00f5rgus: 47 mm<\/p>\n<\/li>\n<li data-start=\"1493\" data-end=\"1510\">\n<p data-start=\"1495\" data-end=\"1510\">Pikkus: 78 mm<\/p>\n<\/li>\n<li data-start=\"1511\" data-end=\"1529\">\n<p data-start=\"1513\" data-end=\"1529\">S\u00fcgavus: 19 mm<\/p>\n<\/li>\n<li data-start=\"1530\" data-end=\"1542\">\n<p data-start=\"1532\" data-end=\"1542\">Kaal: 35 g<\/p>\n<\/li>\n<\/ul>\n<p data-start=\"1544\" data-end=\"1558\"><strong data-start=\"1544\" data-end=\"1556\">K\u00f5larid:<\/strong><\/p>\n<ul data-start=\"1559\" data-end=\"1595\">\n<li data-start=\"1559\" data-end=\"1578\">\n<p data-start=\"1561\" data-end=\"1578\">L\u00e4bim\u00f5\u00f5t: 40 mm<\/p>\n<\/li>\n<li data-start=\"1579\" data-end=\"1595\">\n<p data-start=\"1581\" data-end=\"1595\">S\u00fcgavus: 10 mm<\/p>\n<\/li>\n<\/ul>\n<p data-start=\"1597\" data-end=\"1613\"><strong data-start=\"1597\" data-end=\"1611\">\u00dchenduvus:<\/strong><\/p>\n<ul data-start=\"1614\" data-end=\"1696\">\n<li data-start=\"1614\" data-end=\"1648\">\n<p data-start=\"1616\" data-end=\"1648\">2 kanalit mobiilile ja GPS-ile<\/p>\n<\/li>\n<li data-start=\"1649\" data-end=\"1675\">\n<p data-start=\"1651\" data-end=\"1675\">Universaalne \u00fchenduvus<\/p>\n<\/li>\n<li data-start=\"1676\" data-end=\"1696\">\n<p data-start=\"1678\" data-end=\"1696\">TFT ekraani tugi<\/p>\n<\/li>\n<\/ul>\n<p data-start=\"1698\" data-end=\"1710\"><strong data-start=\"1698\" data-end=\"1708\">Audio:<\/strong><\/p>\n<ul data-start=\"1711\" data-end=\"1793\">\n<li data-start=\"1711\" data-end=\"1731\">\n<p data-start=\"1713\" data-end=\"1731\">40 mm HD k\u00f5larid<\/p>\n<\/li>\n<li data-start=\"1732\" data-end=\"1753\">\n<p data-start=\"1734\" data-end=\"1753\">HD audioprofiilid<\/p>\n<\/li>\n<li data-start=\"1754\" data-end=\"1793\">\n<p data-start=\"1756\" data-end=\"1793\">Automaatne helitugevuse reguleerimine<\/p>\n<\/li>\n<\/ul>\n<p data-start=\"1795\" data-end=\"1805\"><strong data-start=\"1795\" data-end=\"1803\">Aku:<\/strong><\/p>\n<ul data-start=\"1806\" data-end=\"1939\">\n<li data-start=\"1806\" data-end=\"1827\">\n<p data-start=\"1808\" data-end=\"1827\">K\u00f5neaeg: 13 tundi<\/p>\n<\/li>\n<li data-start=\"1828\" data-end=\"1857\">\n<p data-start=\"1830\" data-end=\"1857\">Laadimisaeg: kuni 2 tundi<\/p>\n<\/li>\n<li data-start=\"1858\" data-end=\"1917\">\n<p data-start=\"1860\" data-end=\"1917\">Kiirlaadimine: 20 min laadimist = kuni 2 tundi k\u00f5neaega<\/p>\n<\/li>\n<li data-start=\"1918\" data-end=\"1939\">\n<p data-start=\"1920\" data-end=\"1939\">Ooteaeg: 10 p\u00e4eva<\/p>\n<\/li>\n<\/ul>\n<hr data-start=\"1941\" data-end=\"1944\" \/>\n<h3 data-start=\"1946\" data-end=\"1965\"><strong data-start=\"1950\" data-end=\"1965\">Komplektis:<\/strong><\/h3>\n<ul data-start=\"1967\" data-end=\"2115\">\n<li data-start=\"1967\" data-end=\"2003\">\n<p data-start=\"1969\" data-end=\"2003\">1 \u00d7 Cardo Spirit HD suhtlusseade<\/p>\n<\/li>\n<li data-start=\"2004\" data-end=\"2035\">\n<p data-start=\"2006\" data-end=\"2035\">1 \u00d7 Cardo k\u00f5larite komplekt<\/p>\n<\/li>\n<li data-start=\"2036\" data-end=\"2058\">\n<p data-start=\"2038\" data-end=\"2058\">1 \u00d7 Cardo mikrofon<\/p>\n<\/li>\n<li data-start=\"2059\" data-end=\"2094\">\n<p data-start=\"2061\" data-end=\"2094\">1 \u00d7 Cardo paindvarrega mikrofon<\/p>\n<\/li>\n<li data-start=\"2095\" data-end=\"2115\">\n<p data-start=\"2097\" data-end=\"2115\">Kinnitusvelcro\u2019d<\/p>\n<\/li>\n<\/ul>\n","protected":false},"excerpt":{"rendered":"<p>Cardo Spirit HD Side\u00fcsteemsuhtluss\u00fcsteem \u2013 \u00fcks seade K\u00f5rgekvaliteediline seade, mis pakub standardseid Bluetooth-sidefunktsioone taskukohase hinnaga. Spirit HD sisaldab k\u00f5ike, mida Bluetooth-side\u00adseadmelt soovida, hinnaga, mis sobib igale eelarvele. Viimane Bluetooth-tehnoloogia tagab suurep\u00e4rase detailit\u00e4psuse, ehituskvaliteedi ja vastupidavuse, mida t\u00e4iendab t\u00e4isfunktsionaalsus mugavaks s\u00f5idukogemuseks. V\u00f5imsad 40 mm HD k\u00f5larid, FM-raadio, 600 m ulatus ja 13 tundi k\u00f5neaega teevad Spirit [&hellip;]<\/p>\n","protected":false},"featured_media":36971,"template":"","meta":[],"product_brand":[726],"product_cat":[519,562],"product_tag":[727],"class_list":{"0":"post-36966","1":"product","2":"type-product","3":"status-publish","4":"has-post-thumbnail","6":"product_brand-cardo","7":"product_cat-accessories-for-helmets","8":"product_cat-side-system","9":"product_tag-cardo","11":"first","12":"instock","13":"taxable","14":"shipping-taxable","15":"purchasable","16":"product-type-simple"},"exclude_global_add_ons":[],"addons":[],"_links":{"self":[{"href":"https:\/\/www.helmetshop.ee\/en\/wp-json\/wp\/v2\/product\/36966","targetHints":{"allow":["GET"]}}],"collection":[{"href":"https:\/\/www.helmetshop.ee\/en\/wp-json\/wp\/v2\/product"}],"about":[{"href":"https:\/\/www.helmetshop.ee\/en\/wp-json\/wp\/v2\/types\/product"}],"version-history":[{"count":1,"href":"https:\/\/www.helmetshop.ee\/en\/wp-json\/wp\/v2\/product\/36966\/revisions"}],"predecessor-version":[{"id":36973,"href":"https:\/\/www.helmetshop.ee\/en\/wp-json\/wp\/v2\/product\/36966\/revisions\/36973"}],"wp:featuredmedia":[{"embeddable":true,"href":"https:\/\/www.helmetshop.ee\/en\/wp-json\/wp\/v2\/media\/36971"}],"wp:attachment":[{"href":"https:\/\/www.helmetshop.ee\/en\/wp-json\/wp\/v2\/media?parent=36966"}],"wp:term":[{"taxonomy":"product_brand","embeddable":true,"href":"https:\/\/www.helmetshop.ee\/en\/wp-json\/wp\/v2\/product_brand?post=36966"},{"taxonomy":"product_cat","embeddable":true,"href":"https:\/\/www.helmetshop.ee\/en\/wp-json\/wp\/v2\/product_cat?post=36966"},{"taxonomy":"product_tag","embeddable":true,"href":"https:\/\/www.helmetshop.ee\/en\/wp-json\/wp\/v2\/product_tag?post=36966"}],"curies":[{"name":"wp","href":"https:\/\/api.w.org\/{rel}","templated":true}]}}